{"id":72,"date":"2018-03-01T15:08:59","date_gmt":"2018-03-01T15:08:59","guid":{"rendered":"http:\/\/og-hupperath.de\/?page_id=72"},"modified":"2018-04-03T15:03:32","modified_gmt":"2018-04-03T14:03:32","slug":"50-breitengrad","status":"publish","type":"page","link":"https:\/\/hupperath.de\/?page_id=72","title":{"rendered":"50. Breitengrad"},"content":{"rendered":"<h4><img loading=\"lazy\" decoding=\"async\" class=\"wp-image-458 size-full alignleft\" src=\"http:\/\/og-hupperath.de\/wp-content\/uploads\/2018\/04\/hupperath_50breitengrad_google.jpg\" alt=\"\" width=\"400\" height=\"261\" srcset=\"https:\/\/hupperath.de\/wp-content\/uploads\/2018\/04\/hupperath_50breitengrad_google.jpg 400w, https:\/\/hupperath.de\/wp-content\/uploads\/2018\/04\/hupperath_50breitengrad_google-300x196.jpg 300w\" sizes=\"auto, (max-width: 400px) 100vw, 400px\" \/><\/h4>\n<h5>Gemeinde Hupperath<\/h5>\n<h5>Beschreibung<\/h5>\n<p>Durch die Ortsmitte (Grundschulgeb\u00e4ude) verl\u00e4uft der 50. Breitengrad.<\/p>\n<p>Dieser Bereich wird \u00fcbrigens h\u00e4ufig auch als die n\u00f6rdlichste Grenze f\u00fcr den Weinbau bezeichnet wird.<\/p>\n<p>Geographische Breite:<br \/>\nDie geografische Breite gibt die Entfernung von einem Punkt der Erdoberfl\u00e4che zum \u00c4quator an.<br \/>\nDie gedachten Linien der Breitengrade verlaufen parallel zueinander in Ost-West-Richtung um den gesamten Globus.<br \/>\nDie Breite des \u00c4quator betr\u00e4gt 0 Grad, der Nordpol liegt auf 90 Grad n\u00f6rdlicher Breite und der S\u00fcdpol auf 90 Grad s\u00fcdlicher Breite.<\/p>\n<p>L\u00e4ngen- und Breitengrade:<br \/>\n\u00dcber die Erde ist zur Bestimmung von Orten und zur Orientierung ein Gradnetz gelegt. Dieses Raster besteht aus den imagin\u00e4ren Linien geografische Breite und geografische L\u00e4nge und gestattet jeden Punkt auf der Erdoberfl\u00e4che durch Bezugnahme genau festzulegen. Die Breitenkreise (Parallelkreise) sind konzentrische Kreise, die parallel zum \u00c4quator angeordnet sind und bis zu den beiden geografischen Polen reichen. Die L\u00e4ngenkreise (Meridiane) sind Linien, die senkrecht durch den \u00c4quator gehen und Nord- und S\u00fcdpol verbinden. Jedem Punkt auf der Erde, an dem ein bestimmter Breitenkreis einen bestimmten L\u00e4ngenkreis kreuzt, kann ein Zahlenpaar, auch Koordinaten genannt, zugeteilt werden. Solche Koordinatenpaare geben die Lage eines Punktes im Verh\u00e4ltnis zu anderen Orten an.<\/p>\n<p>Die geografische Breite wird von null Grad am \u00c4quator bis zu 90 Grad Nord (Nordpol) und 90 Grad S\u00fcd (S\u00fcdpol) angegeben. An den Polen sind die beiden 90. Kreise jeweils nur ein Punkt. Einzelne Breitenkreise sind ungef\u00e4hr 112 Kilometer voneinander entfernt.<\/p>\n<p>Die geografische L\u00e4nge wird von null bis 180 Grad West und Ost gemessen. Die Bezugslinie der L\u00e4ngenkreise ist der durch den Ort Greenwich in England verlaufende Nullmeridian. Die Abst\u00e4nde der L\u00e4ngengrade voneinander verkleinern sich mit der Ann\u00e4herung an die Pole. Am Nord- und am S\u00fcdpol ist der Abstand zwischen den L\u00e4ngengraden null.<\/p>\n<p>L\u00e4ngen- und Breitengrade werden in Minuten und Sekunden unterteilt. Der Eiffelturm in Paris hat zum Beispiel folgende Koordinaten: Er liegt auf 48\u00b0 51&#8242; 32&#8220; n\u00f6rdlicher Breite und 2\u00b0 17&#8242; 35&#8220; \u00f6stlicher L\u00e4nge. Anstatt in Minuten und Sekunden k\u00f6nnen Koordinaten auch in Dezimalminuten ausgedr\u00fcckt werden. So k\u00f6nnen die Koordinaten des Eiffelturms auch mit 48\u00b0 51.5333 n\u00f6rdlicher Breite und 2\u00b0 17.5833 \u00f6stlicher L\u00e4nge angegeben werden. In Encarta Weltatlas kann man die Koordinaten eines jeden Punktes auf der Erde durch Aktivieren der Schaltfl\u00e4che Lagebestimmung im Men\u00fc Extras abfragen.<\/p>\n<p>Somit liegt Hupperath auf dem gleichen Breitengrad wie z.:<br \/>\nMainz (Deutschland)<br \/>\nWittlich (Deutschland)<br \/>\nLizzard Point (S\u00fcdengland)<br \/>\nPortage la Prairie (Kanada)<br \/>\nUlan-Gom (Mongolei)<br \/>\nKharko (Ukraine)<\/p>\n","protected":false},"excerpt":{"rendered":"<p>Gemeinde Hupperath Beschreibung Durch die Ortsmitte (Grundschulgeb\u00e4ude) verl\u00e4uft der 50. Breitengrad. Dieser Bereich wird \u00fcbrigens h\u00e4ufig auch als die n\u00f6rdlichste Grenze f\u00fcr den Weinbau bezeichnet wird. Geographische Breite: Die geografische Breite gibt die Entfernung von einem Punkt der Erdoberfl\u00e4che zum \u00c4quator an. Die gedachten Linien der Breitengrade verlaufen parallel zueinander in Ost-West-Richtung um den gesamten &hellip; <\/p>\n<p class=\"link-more\"><a href=\"https:\/\/hupperath.de\/?page_id=72\" class=\"more-link\"><span class=\"screen-reader-text\">\u201e50. Breitengrad\u201c <\/span>weiterlesen<\/a><\/p>\n","protected":false},"author":1,"featured_media":0,"parent":56,"menu_order":0,"comment_status":"closed","ping_status":"closed","template":"","meta":{"footnotes":""},"class_list":["post-72","page","type-page","status-publish","hentry"],"_links":{"self":[{"href":"https:\/\/hupperath.de\/index.php?rest_route=\/wp\/v2\/pages\/72","targetHints":{"allow":["GET"]}}],"collection":[{"href":"https:\/\/hupperath.de\/index.php?rest_route=\/wp\/v2\/pages"}],"about":[{"href":"https:\/\/hupperath.de\/index.php?rest_route=\/wp\/v2\/types\/page"}],"author":[{"embeddable":true,"href":"https:\/\/hupperath.de\/index.php?rest_route=\/wp\/v2\/users\/1"}],"replies":[{"embeddable":true,"href":"https:\/\/hupperath.de\/index.php?rest_route=%2Fwp%2Fv2%2Fcomments&post=72"}],"version-history":[{"count":5,"href":"https:\/\/hupperath.de\/index.php?rest_route=\/wp\/v2\/pages\/72\/revisions"}],"predecessor-version":[{"id":460,"href":"https:\/\/hupperath.de\/index.php?rest_route=\/wp\/v2\/pages\/72\/revisions\/460"}],"up":[{"embeddable":true,"href":"https:\/\/hupperath.de\/index.php?rest_route=\/wp\/v2\/pages\/56"}],"wp:attachment":[{"href":"https:\/\/hupperath.de\/index.php?rest_route=%2Fwp%2Fv2%2Fmedia&parent=72"}],"curies":[{"name":"wp","href":"https:\/\/api.w.org\/{rel}","templated":true}]}}