{"id":70,"date":"2018-03-01T15:08:44","date_gmt":"2018-03-01T15:08:44","guid":{"rendered":"http:\/\/og-hupperath.de\/?page_id=70"},"modified":"2024-10-09T13:19:32","modified_gmt":"2024-10-09T12:19:32","slug":"muehlen-an-lieser-und-salm","status":"publish","type":"page","link":"https:\/\/hupperath.de\/?page_id=70","title":{"rendered":"M\u00fchlen an Lieser und Salm"},"content":{"rendered":"<div id=\"document-teaser\" class=\"document-teaser\">\n<div id=\"teaser\" class=\"teaser-text\">\n<figure id=\"attachment_377\" aria-describedby=\"caption-attachment-377\" style=\"width: 300px\" class=\"wp-caption alignleft\"><a href=\"https:\/\/hupperath.de\/wp-content\/uploads\/2018\/03\/hupp_heute_022.jpg\"><img loading=\"lazy\" decoding=\"async\" class=\"wp-image-377 size-medium\" src=\"https:\/\/hupperath.de\/wp-content\/uploads\/2018\/03\/hupp_heute_022-300x225.jpg\" alt=\"\" width=\"300\" height=\"225\" srcset=\"https:\/\/hupperath.de\/wp-content\/uploads\/2018\/03\/hupp_heute_022-300x225.jpg 300w, https:\/\/hupperath.de\/wp-content\/uploads\/2018\/03\/hupp_heute_022-768x576.jpg 768w, https:\/\/hupperath.de\/wp-content\/uploads\/2018\/03\/hupp_heute_022-1024x768.jpg 1024w, https:\/\/hupperath.de\/wp-content\/uploads\/2018\/03\/hupp_heute_022.jpg 1100w\" sizes=\"auto, (max-width: 300px) 100vw, 300px\" \/><\/a><figcaption id=\"caption-attachment-377\" class=\"wp-caption-text\">Ranzenm\u00fchle<\/figcaption><\/figure>\n<\/div>\n<\/div>\n<div id=\"maincontent\">\n<div class=\"maincontentRepeat\">\n<div class=\"sectionType\">\n<div class=\"xhtmlText\">\n<p class=\"align-justify\">Die Erlebnisschleife \u201eM\u00fchlen an Lieser und Salm\u201c f\u00fchrt vom Stadtrand von Wittlich, an der Lieser gelegen, zur Salm, begleitet uns durch das idyllische <a href=\"https:\/\/www.vg-wittlich-land.de\/vg_wittlich_land\/%C3%9Cber%20uns\/Ortsgemeinden\/Salmtal\/\" target=\"_blank\" rel=\"noopener\">Salmtal<\/a> bis nach <a href=\"https:\/\/www.vg-wittlich-land.de\/vg_wittlich_land\/Tourismus%20&amp;%20Freizeit\/Tourismus%20in%20der%20Verbandsgemeinde\/Sehensw%C3%BCrdigkeiten\/Kloster%20Himmerod\/\" target=\"_blank\" rel=\"noopener\">Himmerod <\/a>und geleitet den Wanderer wieder an die Lieser zur\u00fcck bis nach Wittlich. Auf dieser Tour stehen uns eine Menge Naturerlebnisse bevor: An Flussl\u00e4ufen, in W\u00e4ldern, auf naturbelassenen Pfaden und sch\u00f6nen Feld- und Wiesenwegen mit vielen Aussichtspunkten.<\/p>\n<p>Wir starten in Wittlich und gelangen in n\u00f6rdlicher Richtung auf den Gebietswanderweg \u201e<a href=\"https:\/\/www.vg-wittlich-land.de\/vg_wittlich_land\/Tourismus%20&amp;%20Freizeit\/Tourismus%20in%20der%20Verbandsgemeinde\/Rad-%20und%20Wanderwege\/50.%20Breitengrad\/\" target=\"_blank\" rel=\"noopener\">50. Breitengrad<\/a>\u201c. Er verl\u00e4uft entlang des 50. Breitengrades und \u00fcberquert diesen an etlichen Stellen. Jede dieser Stellen ist in der \u00d6rtlichkeit markiert.<\/p>\n<p class=\"align-justify\">Nach einer kurzen Steigung erreichen wir den Wittlicher Portnersberg, der Weinberg der S\u00e4ubrennerstadt Wittlich. Hier hat man einen Panoramablick \u00fcber die Stadt und kann sich an einer Informationstafel \u00fcber den Verlauf des 50. Breitengrades informieren. Mehrere Liegen laden zum Verweilen ein, um den herrlichen Weitblick \u00fcber Wittlich bis hin zu den Moselh\u00f6hen zu genie\u00dfen.<\/p>\n<p class=\"align-justify\"><img decoding=\"async\" class=\"float_right\" src=\"https:\/\/www.vg-wittlich-land.de\/vg_wittlich_land\/Tourismus%20&amp;%20Freizeit\/Tourismus%20in%20der%20Verbandsgemeinde\/Rad-%20und%20Wanderwege\/M%C3%BChlen%20an%20Lieser%20und%20Salm\/Blick%20%C3%BCber%20Wittlich%20-%20Herbert%20Billen.jpg?resize=385x\" alt=\"\" \/>Der Weg verl\u00e4uft weiter \u00fcber <a href=\"https:\/\/www.vg-wittlich-land.de\/vg_wittlich_land\/%C3%9Cber%20uns\/Ortsgemeinden\/Hupperath\/\" target=\"_blank\" rel=\"noopener\">Hupperath<\/a> und trifft beim Hotel Viktoria in der N\u00e4he von <a href=\"https:\/\/www.vg-wittlich-land.de\/vg_wittlich_land\/%C3%9Cber%20uns\/Ortsgemeinden\/Landscheid\/\" target=\"_blank\" rel=\"noopener\">Landscheid-Burg <\/a>auf den <a href=\"https:\/\/www.vg-wittlich-land.de\/vg_wittlich_land\/Tourismus%20&amp;%20Freizeit\/Tourismus%20in%20der%20Verbandsgemeinde\/Rad-%20und%20Wanderwege\/Eifelsteig\/\" target=\"_blank\" rel=\"noopener\">Eifelsteig<\/a>. Auf einer Strecke von 14,4 km benutzen wir jetzt den Eifelsteig. Das idyllische Salmtal ist hier besonders sch\u00f6n. Wir erreichen als erstes die Mesenm\u00fchle, eine von elf ehemaligen M\u00fchlen, die auf dieser Strecke liegen.<\/p>\n<p class=\"align-justify\">Die Erlebnisschleife f\u00fchrt uns auf der Trasse des Eifelsteiges weiter zum Zisterzienserkloster Himmerod. Hier sollte man sich Zeit nehmen, um das Kloster und das <a href=\"https:\/\/www.vg-wittlich-land.de\/vg_wittlich_land\/Bildung%20&amp;%20Kultur\/Kulturelles%20Leben\/Museen\/Museum%20%22Alte%20M%C3%BChle%22%20Abtei%20Himmerod\/\" target=\"_blank\" rel=\"noopener\">Museum \u201eAlte M\u00fchle\u201c<\/a> zu besichtigen. Klosterladen und die Klostergastst\u00e4tte laden zum Verweilen ein. Gegen den Hunger sind die M\u00f6nchskl\u00f6\u00dfe und der Viezbraten sehr empfehlenswert. Wer die Erlebnisschleife an zwei Tagen wandern will, sollte hier \u00fcbernachten.<\/p>\n<p class=\"align-justify\">Die n\u00e4chsten Kilometer verlaufen immer noch \u00fcber den Eifelsteig, bis wir s\u00fcdlich von Karl an die Lieser gelangen. Hier gehen wir in s\u00fcdlicher Richtung weiter auf dem <a href=\"https:\/\/www.vg-wittlich-land.de\/vg_wittlich_land\/Tourismus%20&amp;%20Freizeit\/Tourismus%20in%20der%20Verbandsgemeinde\/Rad-%20und%20Wanderwege\/Lieserpfad\/\" target=\"_blank\" rel=\"noopener\">Lieserpfad<\/a>. Der Pfad ist etwas h\u00f6her gelegen als die Lieser, sie begleitet die Wanderer linksseitig auf Schritt und Tritt bis nach Wittlich. Manuel Andrack hat diesen Teil des Lieserpfades als sch\u00f6nste Wanderstrecke der Welt beschrieben. Bei diesem Genuss an Natur pur wird man ihm nicht widersprechen wollen.<\/p>\n<p class=\"align-justify\"><img decoding=\"async\" class=\"float_left\" src=\"https:\/\/www.vg-wittlich-land.de\/vg_wittlich_land\/Tourismus%20&amp;%20Freizeit\/Tourismus%20in%20der%20Verbandsgemeinde\/Rad-%20und%20Wanderwege\/M%C3%BChlen%20an%20Lieser%20und%20Salm\/2%20Kloster%20Himmerod%20im%20Fr%C3%BChling%20-%20Albert%20Wirtz.jpg?resize=385x\" alt=\"\" \/>Mehrere gastronomische Betriebe wie die Alte Pleiner M\u00fchle oder die Bastenm\u00fchle, auch Viezm\u00fchle genannt, laden zur Rast ein.<\/p>\n<p>Nach etwa 30 km schlie\u00dft sich hier wieder der Kreis. Man hat 743 H\u00f6henmeter \u00fcberwunden und ist insgesamt 6 \u2013 8 Stunden gewandert, wobei eine \u00dcbernachtung in Himmerod empfohlen wird.<\/p>\n<p class=\"align-justify\">Man kann diese Erlebnisschleife auch als Eintageswanderung an 2 verschiedenen Tagen erwandern. Daf\u00fcr haben wir einen Verbindungsweg eingerichtet, der hinter dem Hotel Viktoria nach rechts abzweigt und in Richtung Hupperath und Wittlich f\u00fchrt.<\/p>\n<p class=\"align-justify\">Sehenswert ist die Stadt der S\u00e4ubrenner, Wittlich, die wir im n\u00e4chsten Beitrag vorstellen. Hier gibt es gen\u00fcgend Restaurations- und \u00dcbernachtungs-m\u00f6glichkeiten.<\/p>\n<p class=\"align-justify\">Das Zentrum erreicht man am Sportzentrum vorbei auf der Strecke der Erlebnisschleife \u201e<a href=\"https:\/\/www.vg-wittlich-land.de\/vg_wittlich_land\/Tourismus%20&amp;%20Freizeit\/Tourismus%20in%20der%20Verbandsgemeinde\/Rad-%20und%20Wanderwege\/Wittlicher%20S%C3%A4ubrenner\/\" target=\"_blank\" rel=\"noopener\">Wittlicher S\u00e4ubrenner<\/a>\u201c.<\/p>\n<p class=\"align-justify\"><b>Der Wegepate:<\/b><\/p>\n<p class=\"align-justify\"><img decoding=\"async\" class=\"float_left\" src=\"https:\/\/www.vg-wittlich-land.de\/vg_wittlich_land\/Tourismus%20&amp;%20Freizeit\/Tourismus%20in%20der%20Verbandsgemeinde\/Rad-%20und%20Wanderwege\/M%C3%BChlen%20an%20Lieser%20und%20Salm\/Peter%20Follmann%20-%20M%C3%BChlen%20an%20Lieser%20und%20Salm.jpg?resize=100x\" alt=\"\" \/><br \/>\nPeter Follmann, ein \u201eNaturfreund durch und durch\u201c, betreut als Wegepate die Erlebnisschleife \u201eM\u00fchlen an Lieser und Salm\u201c. Er wohnt an der Strecke in Landscheid-Burg, ist Vorsitzender der Ortsgruppe im Naturschutzbund, ein versierter Wanderf\u00fchrer und Vorstandsmitglied in der Ortsgruppe Wittlich-Land des Eifelvereines.<\/p>\n<p class=\"align-justify\"><b>Finanzierung:<\/b><\/p>\n<p class=\"align-justify\">Die Realisierung der Erlebnisschleifen wurde durch eine F\u00f6rderung des Landes Rheinland-Pfalz, vertreten durch das Ministerium f\u00fcr Wirtschaft, Verkehr, Landwirtschaft und Weinbau erm\u00f6glicht.<\/p>\n<p class=\"align-justify\"><b>Kurzportrait:<\/b><\/p>\n<ul>\n<li>L\u00e4nge: 31,1 km<\/li>\n<li>Wanderzeit: 9,5 Stunden<\/li>\n<li>Aufstieg: 958 m<\/li>\n<li>Abstieg: 958 m<\/li>\n<li>Schwierigkeit: mittel<\/li>\n<\/ul>\n<\/div>\n<\/div>\n<\/div>\n<\/div>\n","protected":false},"excerpt":{"rendered":"<p>Die Erlebnisschleife \u201eM\u00fchlen an Lieser und Salm\u201c f\u00fchrt vom Stadtrand von Wittlich, an der Lieser gelegen, zur Salm, begleitet uns durch das idyllische Salmtal bis nach Himmerod und geleitet den Wanderer wieder an die Lieser zur\u00fcck bis nach Wittlich. Auf dieser Tour stehen uns eine Menge Naturerlebnisse bevor: An Flussl\u00e4ufen, in W\u00e4ldern, auf naturbelassenen Pfaden &hellip; <\/p>\n<p class=\"link-more\"><a href=\"https:\/\/hupperath.de\/?page_id=70\" class=\"more-link\"><span class=\"screen-reader-text\">\u201eM\u00fchlen an Lieser und Salm\u201c <\/span>weiterlesen<\/a><\/p>\n","protected":false},"author":1,"featured_media":0,"parent":56,"menu_order":0,"comment_status":"closed","ping_status":"closed","template":"","meta":{"footnotes":""},"class_list":["post-70","page","type-page","status-publish","hentry"],"_links":{"self":[{"href":"https:\/\/hupperath.de\/index.php?rest_route=\/wp\/v2\/pages\/70","targetHints":{"allow":["GET"]}}],"collection":[{"href":"https:\/\/hupperath.de\/index.php?rest_route=\/wp\/v2\/pages"}],"about":[{"href":"https:\/\/hupperath.de\/index.php?rest_route=\/wp\/v2\/types\/page"}],"author":[{"embeddable":true,"href":"https:\/\/hupperath.de\/index.php?rest_route=\/wp\/v2\/users\/1"}],"replies":[{"embeddable":true,"href":"https:\/\/hupperath.de\/index.php?rest_route=%2Fwp%2Fv2%2Fcomments&post=70"}],"version-history":[{"count":5,"href":"https:\/\/hupperath.de\/index.php?rest_route=\/wp\/v2\/pages\/70\/revisions"}],"predecessor-version":[{"id":824,"href":"https:\/\/hupperath.de\/index.php?rest_route=\/wp\/v2\/pages\/70\/revisions\/824"}],"up":[{"embeddable":true,"href":"https:\/\/hupperath.de\/index.php?rest_route=\/wp\/v2\/pages\/56"}],"wp:attachment":[{"href":"https:\/\/hupperath.de\/index.php?rest_route=%2Fwp%2Fv2%2Fmedia&parent=70"}],"curies":[{"name":"wp","href":"https:\/\/api.w.org\/{rel}","templated":true}]}}