{"id":422,"date":"2018-03-07T16:08:35","date_gmt":"2018-03-07T15:08:35","guid":{"rendered":"http:\/\/og-hupperath.de\/?page_id=422"},"modified":"2020-12-14T16:56:15","modified_gmt":"2020-12-14T15:56:15","slug":"kontakt","status":"publish","type":"page","link":"https:\/\/hupperath.de\/?page_id=422","title":{"rendered":"Impressum"},"content":{"rendered":"<p><strong>Herausgeber<\/strong><\/p>\n<p>Ortsgemeinde Hupperath<br \/>\nSteingraben 1<br \/>\n54518 Hupperath<\/p>\n<p>Tel.: \u00a0\u00a0\u00a0\u00a0\u00a0 06571 3984<br \/>\nE-Mail:\u00a0 <a href=\"mailto:info@gemeinde-hupperath.de\">mailto:info@gemeinde-hupperath.de<\/a><br \/>\nWeb:\u00a0\u00a0\u00a0\u00a0 <a href=\"https:\/\/www.hupperath.de\">https:\/\/www.hupperath.de<\/a><\/p>\n<p><strong>Datenschutz<\/strong><\/p>\n<p>Die Betreiber dieser Seite nehmen den Schutz Ihrer pers\u00f6nlichen Daten sehr ernst. Wir behandeln Ihre personenbezogenen Daten vertraulich und entsprechend der gesetzlichen Datenschutzvorschriften sowie dieser Datenschutzerkl\u00e4rung.<\/p>\n<p>Die Nutzung unserer Webseite ist in der Regel ohne Angabe personenbezogener Daten m\u00f6glich. Soweit auf unseren Seiten personenbezogene Daten (beispielsweise Name, Anschrift oder E-Mail-Adressen) erhoben werden, erfolgt dies, soweit m\u00f6glich, stets auf freiwilliger Basis. Diese Daten werden ohne Ihre ausdr\u00fcckliche Zustimmung nicht an Dritte weitergegeben.<\/p>\n<p>Wir weisen darauf hin, dass die Daten\u00fcbertragung im Internet (z.B. bei der Kommunikation per E-Mail) Sicherheitsl\u00fccken aufweisen kann. Ein l\u00fcckenloser Schutz der Daten vor dem Zugriff durch Dritte ist nicht m\u00f6glich.<\/p>\n<p><strong>Rechtshinweise<\/strong><\/p>\n<p><u>Inhalte<\/u><\/p>\n<p>Die Gemeinde Hupperath pr\u00fcft und aktualisiert die Informationen auf dieser Website st\u00e4ndig. Trotz aller Sorgfalt k\u00f6nnen sich die Daten inzwischen ver\u00e4ndert haben. Eine Haftung oder Garantie f\u00fcr die Aktualit\u00e4t, Richtigkeit, Vollst\u00e4ndigkeit, Qualit\u00e4t und jederzeitigen Verf\u00fcgbarkeit der zur Verf\u00fcgung gestellten Informationen kann daher nicht \u00fcbernommen werden.<\/p>\n<p>F\u00fcr Sch\u00e4den, die durch die Nutzung der zur Verf\u00fcgung gestellten Informationen oder Daten oder durch die Nutzung fehlerhafter und\/oder unvollst\u00e4ndiger Informationen oder Daten verursacht werden, haftet die Gemeinde Hupperath nicht, sofern ihr nicht vors\u00e4tzliches oder grob fahrl\u00e4ssiges Verschulden zur Last f\u00e4llt. Dieser Ausschluss gilt nicht f\u00fcr Sch\u00e4den aus der Verletzung des Lebens, des K\u00f6rpers oder der Gesundheit.<\/p>\n<p>Die Gemeinde Hupperath beh\u00e4lt sich ausdr\u00fccklich vor, Teile der Seiten oder das gesamte Angebot ohne gesonderte Ank\u00fcndigung zu ver\u00e4ndern, zu erg\u00e4nzen, zu l\u00f6schen oder die Ver\u00f6ffentlichung zeitweise oder endg\u00fcltig einzustellen.<\/p>\n<p><u>Fremde Inhalte<\/u><\/p>\n<p>Diese Webseite enth\u00e4lt als Information auch entsprechend gekennzeichnete Links oder Verweise auf Webseiten Dritter. Die Verantwortlichkeit f\u00fcr diese fremden Inhalte liegt alleine bei dem Anbieter, der die Inhalte bereith\u00e4lt.<\/p>\n<p>F\u00fcr fremde Inhalte \u2013 insbesondere rechtswidrige und somit strafbare Inhalte &#8211; ist sie nur dann verantwortlich, wenn sie von ihnen Kenntnis erh\u00e4lt und es technisch m\u00f6glich und zumutbar ist, deren Nutzung zu verhindern. Hierunter fallen auch Verweise auf Inhalte anderer Anbieter. Die verlinkten Seiten wurden zum Zeitpunkt der Verlinkung auf m\u00f6gliche Rechtsverst\u00f6\u00dfe \u00fcberpr\u00fcft. Rechtswidrige Inhalte waren zum Zeitpunkt der Verlinkung nicht erkennbar. Die Verweise werden zwar regelm\u00e4\u00dfig auf eventuelle rechtswidrige Inhalte gepr\u00fcft, es kann jedoch keine Gew\u00e4hr gegeben werden, dass es sich nicht um rechtswidrige Inhalte handelt. Die Gemeinde Hupperath hat keinen Einfluss auf die Gestaltung dieser fremden Inhalte. Diese k\u00f6nnen deshalb ge\u00e4ndert worden sein, ohne dass die Gemeinde Hupperath hiervon Kenntnis hat. Verweise auf fremde Inhalte sind durch einen Link kenntlich gemacht.<\/p>\n<p><u>Urheberschutz<\/u><\/p>\n<p>Inhalt und Struktur der Gemeinde Hupperath sind urheberrechtlich gesch\u00fctzt. Die Vervielf\u00e4ltigung, Bearbeitung, Verbreitung und jede Art der Verwertung au\u00dferhalb der Grenzen des Urheberrechtes von Informationen oder Daten, insbesondere die Verwendung von Texten, Textteilen oder Bildmaterial bedarf der vorherigen Zustimmung der Gemeinde Hupperath.<\/p>\n","protected":false},"excerpt":{"rendered":"<p>Herausgeber Ortsgemeinde Hupperath Steingraben 1 54518 Hupperath Tel.: \u00a0\u00a0\u00a0\u00a0\u00a0 06571 3984 E-Mail:\u00a0 mailto:info@gemeinde-hupperath.de Web:\u00a0\u00a0\u00a0\u00a0 https:\/\/www.hupperath.de Datenschutz Die Betreiber dieser Seite nehmen den Schutz Ihrer pers\u00f6nlichen Daten sehr ernst. Wir behandeln Ihre personenbezogenen Daten vertraulich und entsprechend der gesetzlichen Datenschutzvorschriften sowie dieser Datenschutzerkl\u00e4rung. Die Nutzung unserer Webseite ist in der Regel ohne Angabe personenbezogener Daten m\u00f6glich. &hellip; <\/p>\n<p class=\"link-more\"><a href=\"https:\/\/hupperath.de\/?page_id=422\" class=\"more-link\"><span class=\"screen-reader-text\">\u201eImpressum\u201c <\/span>weiterlesen<\/a><\/p>\n","protected":false},"author":1,"featured_media":0,"parent":0,"menu_order":0,"comment_status":"closed","ping_status":"closed","template":"","meta":{"footnotes":""},"class_list":["post-422","page","type-page","status-publish","hentry"],"_links":{"self":[{"href":"https:\/\/hupperath.de\/index.php?rest_route=\/wp\/v2\/pages\/422","targetHints":{"allow":["GET"]}}],"collection":[{"href":"https:\/\/hupperath.de\/index.php?rest_route=\/wp\/v2\/pages"}],"about":[{"href":"https:\/\/hupperath.de\/index.php?rest_route=\/wp\/v2\/types\/page"}],"author":[{"embeddable":true,"href":"https:\/\/hupperath.de\/index.php?rest_route=\/wp\/v2\/users\/1"}],"replies":[{"embeddable":true,"href":"https:\/\/hupperath.de\/index.php?rest_route=%2Fwp%2Fv2%2Fcomments&post=422"}],"version-history":[{"count":5,"href":"https:\/\/hupperath.de\/index.php?rest_route=\/wp\/v2\/pages\/422\/revisions"}],"predecessor-version":[{"id":631,"href":"https:\/\/hupperath.de\/index.php?rest_route=\/wp\/v2\/pages\/422\/revisions\/631"}],"wp:attachment":[{"href":"https:\/\/hupperath.de\/index.php?rest_route=%2Fwp%2Fv2%2Fmedia&parent=422"}],"curies":[{"name":"wp","href":"https:\/\/api.w.org\/{rel}","templated":true}]}}