{"id":22,"date":"2018-03-01T13:06:10","date_gmt":"2018-03-01T13:06:10","guid":{"rendered":"http:\/\/og-hupperath.de\/?page_id=22"},"modified":"2024-10-09T12:36:40","modified_gmt":"2024-10-09T11:36:40","slug":"geschichte","status":"publish","type":"page","link":"https:\/\/hupperath.de\/?page_id=22","title":{"rendered":"Geschichte"},"content":{"rendered":"<p>Die Gemeinde Hupperath, eine anerkannte Fremdenverkehrsgemeinde, erstreckt sich auf den s\u00fcdlichen Ausl\u00e4ufern der Moseleifel. Teile der Gemarkungsfl\u00e4chen reichen jedoch schon in die Wittlicher Senke hinein. Zwischen dem 13. Jahrhundert und dem 18. Jahrhundert geh\u00f6rte Hupperath zum Besitz des Stiftes St. Paulin in Trier. Eine Besonderheit des Ortes sind dessen Weinberge am Pichterberg, am Nordrand der Wittlicher Senke. Zur Gemeinde Hupperath geh\u00f6ren auch die beiden an der Salm gelegenen M\u00fchlen: die Burgerm\u00fchle und die Ranzenm\u00fchle.<\/p>\n<p><b>Sehenswert<\/b> ist die Pfarrkirche (1786).<\/p>\n<p><img loading=\"lazy\" decoding=\"async\" class=\"alignnone wp-image-302 size-medium\" src=\"https:\/\/hupperath.de\/wp-content\/uploads\/2018\/03\/03_Dorfansicht-ca.1950-Februar-300x217.jpg\" alt=\"\" width=\"300\" height=\"217\" srcset=\"https:\/\/hupperath.de\/wp-content\/uploads\/2018\/03\/03_Dorfansicht-ca.1950-Februar-300x217.jpg 300w, https:\/\/hupperath.de\/wp-content\/uploads\/2018\/03\/03_Dorfansicht-ca.1950-Februar.jpg 699w\" sizes=\"auto, (max-width: 300px) 100vw, 300px\" \/><\/p>\n<p><span style=\"font-family: verdana; font-size: medium;\"><b>Hupperath, ein Dorf im Wandel der Zeiten<\/b><\/span><\/p>\n<p>Autor: Peter Lieser<\/p>\n<p><a href=\"http:\/\/og-hupperath.de\/wp-content\/uploads\/2018\/03\/Chronik_Hupperath.pdf\" target=\"_blank\" rel=\"noopener\">Chronik Hupperath als PDF-Datei<\/a><\/p>\n<p>&nbsp;<\/p>\n<p>Wappen der Gemeinde Hupperath<\/p>\n<p><img loading=\"lazy\" decoding=\"async\" class=\"alignnone wp-image-5 size-full\" src=\"https:\/\/hupperath.de\/wp-content\/uploads\/2018\/02\/wappen_02.jpg\" alt=\"\" width=\"98\" height=\"120\" \/><\/p>\n","protected":false},"excerpt":{"rendered":"<p>Die Gemeinde Hupperath, eine anerkannte Fremdenverkehrsgemeinde, erstreckt sich auf den s\u00fcdlichen Ausl\u00e4ufern der Moseleifel. Teile der Gemarkungsfl\u00e4chen reichen jedoch schon in die Wittlicher Senke hinein. Zwischen dem 13. Jahrhundert und dem 18. Jahrhundert geh\u00f6rte Hupperath zum Besitz des Stiftes St. Paulin in Trier. Eine Besonderheit des Ortes sind dessen Weinberge am Pichterberg, am Nordrand der &hellip; <\/p>\n<p class=\"link-more\"><a href=\"https:\/\/hupperath.de\/?page_id=22\" class=\"more-link\"><span class=\"screen-reader-text\">\u201eGeschichte\u201c <\/span>weiterlesen<\/a><\/p>\n","protected":false},"author":1,"featured_media":0,"parent":12,"menu_order":2,"comment_status":"closed","ping_status":"closed","template":"","meta":{"footnotes":""},"class_list":["post-22","page","type-page","status-publish","hentry"],"_links":{"self":[{"href":"https:\/\/hupperath.de\/index.php?rest_route=\/wp\/v2\/pages\/22","targetHints":{"allow":["GET"]}}],"collection":[{"href":"https:\/\/hupperath.de\/index.php?rest_route=\/wp\/v2\/pages"}],"about":[{"href":"https:\/\/hupperath.de\/index.php?rest_route=\/wp\/v2\/types\/page"}],"author":[{"embeddable":true,"href":"https:\/\/hupperath.de\/index.php?rest_route=\/wp\/v2\/users\/1"}],"replies":[{"embeddable":true,"href":"https:\/\/hupperath.de\/index.php?rest_route=%2Fwp%2Fv2%2Fcomments&post=22"}],"version-history":[{"count":6,"href":"https:\/\/hupperath.de\/index.php?rest_route=\/wp\/v2\/pages\/22\/revisions"}],"predecessor-version":[{"id":800,"href":"https:\/\/hupperath.de\/index.php?rest_route=\/wp\/v2\/pages\/22\/revisions\/800"}],"up":[{"embeddable":true,"href":"https:\/\/hupperath.de\/index.php?rest_route=\/wp\/v2\/pages\/12"}],"wp:attachment":[{"href":"https:\/\/hupperath.de\/index.php?rest_route=%2Fwp%2Fv2%2Fmedia&parent=22"}],"curies":[{"name":"wp","href":"https:\/\/api.w.org\/{rel}","templated":true}]}}