{"id":18,"date":"2018-03-01T12:23:01","date_gmt":"2018-03-01T12:23:01","guid":{"rendered":"http:\/\/og-hupperath.de\/?page_id=18"},"modified":"2025-01-02T10:17:42","modified_gmt":"2025-01-02T09:17:42","slug":"aktuelles","status":"publish","type":"page","link":"https:\/\/hupperath.de\/?page_id=18","title":{"rendered":"Aktuelles"},"content":{"rendered":"\n<h2 class=\"wp-block-heading\"><strong>850 Jahre Hupperath<\/strong><\/h2>\n\n\n\n<p>Wir freuen uns, dass es mit unserer tollen Dorfgemeinschaft gelungen ist ein grandioses Jubil\u00e4umsfest auf die Beine zu stellen.&nbsp; Eure Hilfe hat dazu beigetragen, dass sich die Festbesucher wohlf\u00fchlten, viele nette Gespr\u00e4che gef\u00fchrt wurden und trotz der schlechten Wetterlage eine ausgelassene Stimmung im Dorf f\u00fcr gute Laune sorgte.<\/p>\n\n\n\n<p>WIR SAGEN DANKE!<\/p>\n\n\n\n<p><\/p>\n\n\n\n<p>Hier noch f\u00fcr eine gewisse Zeit unser Flyer.<\/p>\n\n\n\n<div data-wp-interactive=\"core\/file\" class=\"wp-block-file\"><object data-wp-bind--hidden=\"!state.hasPdfPreview\" hidden class=\"wp-block-file__embed\" data=\"https:\/\/hupperath.de\/wp-content\/uploads\/2023\/07\/Hupperath_Flyer_850_V5.pdf\" type=\"application\/pdf\" style=\"width:100%;height:600px\" aria-label=\"Einbettung von Hupperath_Flyer_850_V5.\"><\/object><a id=\"wp-block-file--media-7c51dce3-0480-4666-a03a-dafe9e6cd499\" href=\"https:\/\/hupperath.de\/wp-content\/uploads\/2023\/07\/Hupperath_Flyer_850_V5.pdf\">Hupperath_Flyer_850_V5<\/a><a href=\"https:\/\/hupperath.de\/wp-content\/uploads\/2023\/07\/Hupperath_Flyer_850_V5.pdf\" class=\"wp-block-file__button wp-element-button\" download aria-describedby=\"wp-block-file--media-7c51dce3-0480-4666-a03a-dafe9e6cd499\">Herunterladen<\/a><\/div>\n\n\n\n<p><\/p>\n\n\n<p>Nachfragen sind m\u00f6glich unter:<\/p>\n<p>Tel.: &nbsp;&nbsp;&nbsp;&nbsp;&nbsp; 06571 3984<br \/>E-Mail:&nbsp;&nbsp;<a href=\"mailto:info@gemeinde-hupperath.de\">mailto:info@gemeinde-hupperath.de<\/a><\/p>","protected":false},"excerpt":{"rendered":"<p>850 Jahre Hupperath Wir freuen uns, dass es mit unserer tollen Dorfgemeinschaft gelungen ist ein grandioses Jubil\u00e4umsfest auf die Beine zu stellen.&nbsp; Eure Hilfe hat dazu beigetragen, dass sich die Festbesucher wohlf\u00fchlten, viele nette Gespr\u00e4che gef\u00fchrt wurden und trotz der schlechten Wetterlage eine ausgelassene Stimmung im Dorf f\u00fcr gute Laune sorgte. WIR SAGEN DANKE! Hier &hellip; <\/p>\n<p class=\"link-more\"><a href=\"https:\/\/hupperath.de\/?page_id=18\" class=\"more-link\"><span class=\"screen-reader-text\">\u201eAktuelles\u201c <\/span>weiterlesen<\/a><\/p>\n","protected":false},"author":1,"featured_media":0,"parent":12,"menu_order":1,"comment_status":"closed","ping_status":"closed","template":"","meta":{"footnotes":""},"class_list":["post-18","page","type-page","status-publish","hentry"],"_links":{"self":[{"href":"https:\/\/hupperath.de\/index.php?rest_route=\/wp\/v2\/pages\/18","targetHints":{"allow":["GET"]}}],"collection":[{"href":"https:\/\/hupperath.de\/index.php?rest_route=\/wp\/v2\/pages"}],"about":[{"href":"https:\/\/hupperath.de\/index.php?rest_route=\/wp\/v2\/types\/page"}],"author":[{"embeddable":true,"href":"https:\/\/hupperath.de\/index.php?rest_route=\/wp\/v2\/users\/1"}],"replies":[{"embeddable":true,"href":"https:\/\/hupperath.de\/index.php?rest_route=%2Fwp%2Fv2%2Fcomments&post=18"}],"version-history":[{"count":44,"href":"https:\/\/hupperath.de\/index.php?rest_route=\/wp\/v2\/pages\/18\/revisions"}],"predecessor-version":[{"id":833,"href":"https:\/\/hupperath.de\/index.php?rest_route=\/wp\/v2\/pages\/18\/revisions\/833"}],"up":[{"embeddable":true,"href":"https:\/\/hupperath.de\/index.php?rest_route=\/wp\/v2\/pages\/12"}],"wp:attachment":[{"href":"https:\/\/hupperath.de\/index.php?rest_route=%2Fwp%2Fv2%2Fmedia&parent=18"}],"curies":[{"name":"wp","href":"https:\/\/api.w.org\/{rel}","templated":true}]}}