{"id":129,"date":"2018-03-01T20:35:31","date_gmt":"2018-03-01T20:35:31","guid":{"rendered":"http:\/\/og-hupperath.de\/?page_id=129"},"modified":"2022-09-19T14:11:29","modified_gmt":"2022-09-19T13:11:29","slug":"kirchengemeinde","status":"publish","type":"page","link":"https:\/\/hupperath.de\/?page_id=129","title":{"rendered":"Kirchengemeinde"},"content":{"rendered":"<h3>Katholische Pfarreiengemeinschaft Landscheid (PG Landscheid)<br \/>\n(St. Johann Apostel Bergweiler, St. Servatius Eisenschmitt, St. Martin Gro\u00dflittgen, St. Hubertus Hupperath, St. Gertrud Landscheid)<\/h3>\n<h3>Pfarrb\u00fcro<br \/>\nHauptstra\u00dfe 84<br \/>\n54526 Landscheid<br \/>\nTelefon: 06575 \/ 4226<br \/>\n<a href=\"mailto:pfarrbuero@pg-landscheid.de\">pfarrbuero@pg-landscheid.de<\/a><\/h3>\n<p><strong>Pastor der Pfarreiengemeinschaft:<\/strong><\/p>\n<p>Rudolf Heck<br \/>\nTelefon: 06575 \/ 4226<br \/>\nTelefax: 06575 \/ 901 757<br \/>\nE-Mail: <a href=\"mailto:pfarrbuero@pg-landscheid.de\">heck@pg-landscheid.de<\/a><\/p>\n<p><strong><br \/>\nGemeindereferent der Pfarreiengemeinschaft<\/strong><\/p>\n<p>Robert Friedrich<br \/>\nTelefon:\u00a0\u00a0\u00a0 06575 \/ 901 757<br \/>\nMobil:\u00a0\u00a0\u00a0 \u00a0\u00a0\u00a0 0171 \/ 56 104 98<br \/>\nE-Mail: <a href=\"mailto:friedrich@pg-landscheid.de\">friedrich@pg-landscheid.de<\/a><\/p>\n<p><strong>Jugendpfarrer<\/strong><\/p>\n<p>Peter Zillgen<br \/>\nTelefon:\u00a0 0171 \/ 99 487 73<br \/>\nE-Mail: <a href=\"mailto:peter.zillgen@bistum-trier.de\">peter.zillgen@bistum-trier.de<\/a><\/p>\n<p><strong>\u00d6ffnungszeiten Pfarrb\u00fcro<\/strong><\/p>\n<p><strong>B\u00fcrozeiten <\/strong><br \/>\nFrau Anne Konrad<br \/>\nMontag\u00a0\u00a0\u00a0\u00a0\u00a0\u00a0\u00a0\u00a0 10:00 &#8211; 12:00 Uhr<br \/>\nDienstag\u00a0\u00a0\u00a0\u00a0 16:00 &#8211; 18:00 Uhr<br \/>\nMittwoch\u00a0\u00a0\u00a0\u00a0\u00a0\u00a0\u00a0\u00a0\u00a0\u00a0 &#8212;-<br \/>\nDonnerstag\u00a0\u00a0\u00a0\u00a0 14:00 &#8211; 16:00 Uhr<br \/>\nFreitag\u00a0\u00a0\u00a0\u00a0 15:00 &#8211; 16:00 Uhr<br \/>\n<strong><br \/>\nMessbestellungen\u00a0\u00a0\u00a0 <\/strong><br \/>\nFrau Ursula Weber<br \/>\nDienstag\u00a0\u00a0\u00a0\u00a0 09:00 &#8211; 11:00 Uhr<\/p>\n<p><a href=\"https:\/\/www.landscheid.de\/bildung-kultur\/#pfarrgemeinde\" target=\"_blank\" rel=\"noopener\">Aktueller Pfarrbrief<\/a><\/p>\n<p>Die Hupperather Kirche:<\/p>\n<p><img loading=\"lazy\" decoding=\"async\" class=\"alignnone size-medium wp-image-293\" src=\"http:\/\/og-hupperath.de\/wp-content\/uploads\/2018\/03\/10_Pfarrkirche-St.-Hubertus-Juni-300x225.jpg\" alt=\"\" width=\"300\" height=\"225\" srcset=\"https:\/\/hupperath.de\/wp-content\/uploads\/2018\/03\/10_Pfarrkirche-St.-Hubertus-Juni-300x225.jpg 300w, https:\/\/hupperath.de\/wp-content\/uploads\/2018\/03\/10_Pfarrkirche-St.-Hubertus-Juni-768x576.jpg 768w, https:\/\/hupperath.de\/wp-content\/uploads\/2018\/03\/10_Pfarrkirche-St.-Hubertus-Juni-1024x768.jpg 1024w, https:\/\/hupperath.de\/wp-content\/uploads\/2018\/03\/10_Pfarrkirche-St.-Hubertus-Juni.jpg 1600w\" sizes=\"auto, (max-width: 300px) 100vw, 300px\" \/> <img loading=\"lazy\" decoding=\"async\" class=\"alignnone size-medium wp-image-251\" src=\"http:\/\/og-hupperath.de\/wp-content\/uploads\/2018\/03\/IMG_1734-300x225.jpg\" alt=\"\" width=\"300\" height=\"225\" srcset=\"https:\/\/hupperath.de\/wp-content\/uploads\/2018\/03\/IMG_1734-300x225.jpg 300w, https:\/\/hupperath.de\/wp-content\/uploads\/2018\/03\/IMG_1734-768x576.jpg 768w, https:\/\/hupperath.de\/wp-content\/uploads\/2018\/03\/IMG_1734-1024x768.jpg 1024w, https:\/\/hupperath.de\/wp-content\/uploads\/2018\/03\/IMG_1734.jpg 1032w\" sizes=\"auto, (max-width: 300px) 100vw, 300px\" \/> <img loading=\"lazy\" decoding=\"async\" class=\"alignnone size-medium wp-image-258\" src=\"http:\/\/og-hupperath.de\/wp-content\/uploads\/2018\/03\/IMG_1739-300x225.jpg\" alt=\"\" width=\"300\" height=\"225\" srcset=\"https:\/\/hupperath.de\/wp-content\/uploads\/2018\/03\/IMG_1739-300x225.jpg 300w, https:\/\/hupperath.de\/wp-content\/uploads\/2018\/03\/IMG_1739-768x576.jpg 768w, https:\/\/hupperath.de\/wp-content\/uploads\/2018\/03\/IMG_1739-1024x768.jpg 1024w, https:\/\/hupperath.de\/wp-content\/uploads\/2018\/03\/IMG_1739.jpg 1032w\" sizes=\"auto, (max-width: 300px) 100vw, 300px\" \/><\/p>\n<p><img loading=\"lazy\" decoding=\"async\" class=\"alignnone size-medium wp-image-255\" src=\"http:\/\/og-hupperath.de\/wp-content\/uploads\/2018\/03\/IMG_1738-225x300.jpg\" alt=\"\" width=\"225\" height=\"300\" srcset=\"https:\/\/hupperath.de\/wp-content\/uploads\/2018\/03\/IMG_1738-225x300.jpg 225w, https:\/\/hupperath.de\/wp-content\/uploads\/2018\/03\/IMG_1738-768x1024.jpg 768w, https:\/\/hupperath.de\/wp-content\/uploads\/2018\/03\/IMG_1738.jpg 774w\" sizes=\"auto, (max-width: 225px) 100vw, 225px\" \/> <img loading=\"lazy\" decoding=\"async\" class=\"alignnone size-medium wp-image-254\" src=\"http:\/\/og-hupperath.de\/wp-content\/uploads\/2018\/03\/IMG_1737-225x300.jpg\" alt=\"\" width=\"225\" height=\"300\" srcset=\"https:\/\/hupperath.de\/wp-content\/uploads\/2018\/03\/IMG_1737-225x300.jpg 225w, https:\/\/hupperath.de\/wp-content\/uploads\/2018\/03\/IMG_1737-768x1024.jpg 768w, https:\/\/hupperath.de\/wp-content\/uploads\/2018\/03\/IMG_1737.jpg 774w\" sizes=\"auto, (max-width: 225px) 100vw, 225px\" \/> <img loading=\"lazy\" decoding=\"async\" class=\"alignnone size-medium wp-image-253\" src=\"http:\/\/og-hupperath.de\/wp-content\/uploads\/2018\/03\/IMG_1736-225x300.jpg\" alt=\"\" width=\"225\" height=\"300\" srcset=\"https:\/\/hupperath.de\/wp-content\/uploads\/2018\/03\/IMG_1736-225x300.jpg 225w, https:\/\/hupperath.de\/wp-content\/uploads\/2018\/03\/IMG_1736-768x1024.jpg 768w, https:\/\/hupperath.de\/wp-content\/uploads\/2018\/03\/IMG_1736.jpg 774w\" sizes=\"auto, (max-width: 225px) 100vw, 225px\" \/> <img loading=\"lazy\" decoding=\"async\" class=\"alignnone size-medium wp-image-252\" src=\"http:\/\/og-hupperath.de\/wp-content\/uploads\/2018\/03\/IMG_1735-225x300.jpg\" alt=\"\" width=\"225\" height=\"300\" srcset=\"https:\/\/hupperath.de\/wp-content\/uploads\/2018\/03\/IMG_1735-225x300.jpg 225w, https:\/\/hupperath.de\/wp-content\/uploads\/2018\/03\/IMG_1735-768x1024.jpg 768w, https:\/\/hupperath.de\/wp-content\/uploads\/2018\/03\/IMG_1735.jpg 774w\" sizes=\"auto, (max-width: 225px) 100vw, 225px\" \/><\/p>\n","protected":false},"excerpt":{"rendered":"<p>Katholische Pfarreiengemeinschaft Landscheid (PG Landscheid) (St. Johann Apostel Bergweiler, St. Servatius Eisenschmitt, St. Martin Gro\u00dflittgen, St. Hubertus Hupperath, St. Gertrud Landscheid) Pfarrb\u00fcro Hauptstra\u00dfe 84 54526 Landscheid Telefon: 06575 \/ 4226 pfarrbuero@pg-landscheid.de Pastor der Pfarreiengemeinschaft: Rudolf Heck Telefon: 06575 \/ 4226 Telefax: 06575 \/ 901 757 E-Mail: heck@pg-landscheid.de Gemeindereferent der Pfarreiengemeinschaft Robert Friedrich Telefon:\u00a0\u00a0\u00a0 06575 \/ &hellip; <\/p>\n<p class=\"link-more\"><a href=\"https:\/\/hupperath.de\/?page_id=129\" class=\"more-link\"><span class=\"screen-reader-text\">\u201eKirchengemeinde\u201c <\/span>weiterlesen<\/a><\/p>\n","protected":false},"author":1,"featured_media":0,"parent":2,"menu_order":0,"comment_status":"closed","ping_status":"closed","template":"","meta":{"footnotes":""},"class_list":["post-129","page","type-page","status-publish","hentry"],"_links":{"self":[{"href":"https:\/\/hupperath.de\/index.php?rest_route=\/wp\/v2\/pages\/129","targetHints":{"allow":["GET"]}}],"collection":[{"href":"https:\/\/hupperath.de\/index.php?rest_route=\/wp\/v2\/pages"}],"about":[{"href":"https:\/\/hupperath.de\/index.php?rest_route=\/wp\/v2\/types\/page"}],"author":[{"embeddable":true,"href":"https:\/\/hupperath.de\/index.php?rest_route=\/wp\/v2\/users\/1"}],"replies":[{"embeddable":true,"href":"https:\/\/hupperath.de\/index.php?rest_route=%2Fwp%2Fv2%2Fcomments&post=129"}],"version-history":[{"count":6,"href":"https:\/\/hupperath.de\/index.php?rest_route=\/wp\/v2\/pages\/129\/revisions"}],"predecessor-version":[{"id":706,"href":"https:\/\/hupperath.de\/index.php?rest_route=\/wp\/v2\/pages\/129\/revisions\/706"}],"up":[{"embeddable":true,"href":"https:\/\/hupperath.de\/index.php?rest_route=\/wp\/v2\/pages\/2"}],"wp:attachment":[{"href":"https:\/\/hupperath.de\/index.php?rest_route=%2Fwp%2Fv2%2Fmedia&parent=129"}],"curies":[{"name":"wp","href":"https:\/\/api.w.org\/{rel}","templated":true}]}}