{"id":12,"date":"2018-02-28T16:14:55","date_gmt":"2018-02-28T16:14:55","guid":{"rendered":"http:\/\/og-hupperath.de\/?page_id=12"},"modified":"2021-02-08T12:28:50","modified_gmt":"2021-02-08T11:28:50","slug":"buerger-service","status":"publish","type":"page","link":"https:\/\/hupperath.de\/","title":{"rendered":"B\u00fcrger &#038; Service"},"content":{"rendered":"<p><strong>\u201eWir leben, wo andere Urlaub machen!\u201c<\/strong><\/p>\n<p><img loading=\"lazy\" decoding=\"async\" class=\"alignright size-full wp-image-362\" src=\"http:\/\/og-hupperath.de\/wp-content\/uploads\/2018\/03\/hupp_heute_007.jpg\" alt=\"\" width=\"1100\" height=\"825\" srcset=\"https:\/\/hupperath.de\/wp-content\/uploads\/2018\/03\/hupp_heute_007.jpg 1100w, https:\/\/hupperath.de\/wp-content\/uploads\/2018\/03\/hupp_heute_007-300x225.jpg 300w, https:\/\/hupperath.de\/wp-content\/uploads\/2018\/03\/hupp_heute_007-768x576.jpg 768w, https:\/\/hupperath.de\/wp-content\/uploads\/2018\/03\/hupp_heute_007-1024x768.jpg 1024w\" sizes=\"auto, (max-width: 767px) 89vw, (max-width: 1000px) 54vw, (max-width: 1071px) 543px, 580px\" \/><\/p>\n<p>Liebe Mitb\u00fcrgerinnen und Mitb\u00fcrger, liebe G\u00e4ste,<\/p>\n<p>ich freue mich \u00fcber Ihren Besuch auf unserer neuen Homepage und hoffe, dass Sie auf den nachfolgenden Seiten alles Wichtige f\u00fcr Sie finden.<\/p>\n<p>Ihr<br \/>\nPatrick Simon<\/p>\n<p>B\u00fcrgermeister<\/p>\n","protected":false},"excerpt":{"rendered":"<p>\u201eWir leben, wo andere Urlaub machen!\u201c Liebe Mitb\u00fcrgerinnen und Mitb\u00fcrger, liebe G\u00e4ste, ich freue mich \u00fcber Ihren Besuch auf unserer neuen Homepage und hoffe, dass Sie auf den nachfolgenden Seiten alles Wichtige f\u00fcr Sie finden. Ihr Patrick Simon B\u00fcrgermeister<\/p>\n","protected":false},"author":1,"featured_media":0,"parent":0,"menu_order":0,"comment_status":"closed","ping_status":"closed","template":"","meta":{"footnotes":""},"class_list":["post-12","page","type-page","status-publish","hentry"],"_links":{"self":[{"href":"https:\/\/hupperath.de\/index.php?rest_route=\/wp\/v2\/pages\/12","targetHints":{"allow":["GET"]}}],"collection":[{"href":"https:\/\/hupperath.de\/index.php?rest_route=\/wp\/v2\/pages"}],"about":[{"href":"https:\/\/hupperath.de\/index.php?rest_route=\/wp\/v2\/types\/page"}],"author":[{"embeddable":true,"href":"https:\/\/hupperath.de\/index.php?rest_route=\/wp\/v2\/users\/1"}],"replies":[{"embeddable":true,"href":"https:\/\/hupperath.de\/index.php?rest_route=%2Fwp%2Fv2%2Fcomments&post=12"}],"version-history":[{"count":11,"href":"https:\/\/hupperath.de\/index.php?rest_route=\/wp\/v2\/pages\/12\/revisions"}],"predecessor-version":[{"id":659,"href":"https:\/\/hupperath.de\/index.php?rest_route=\/wp\/v2\/pages\/12\/revisions\/659"}],"wp:attachment":[{"href":"https:\/\/hupperath.de\/index.php?rest_route=%2Fwp%2Fv2%2Fmedia&parent=12"}],"curies":[{"name":"wp","href":"https:\/\/api.w.org\/{rel}","templated":true}]}}